{"id":217,"date":"2016-06-10T10:03:32","date_gmt":"2016-06-10T10:03:32","guid":{"rendered":"http:\/\/polostoursparos.com\/el\/?page_id=217"},"modified":"2024-06-19T09:18:20","modified_gmt":"2024-06-19T09:18:20","slug":"visita-guidata-in-pulman","status":"publish","type":"page","link":"https:\/\/polostoursparos.com\/it\/visita-guidata-in-pulman\/","title":{"rendered":"Visita guidata in pulman"},"content":{"rendered":"<h4 style=\"text-align: center;\"><a href=\"https:\/\/polostoursparos.com\/bookingengine\" target=\"_blank\" rel=\"noopener\"><strong><span style=\"color: red;\">Check availability and book online!<\/span><\/strong><\/a><\/h4>\n<table style=\"border-color: red;\" border=\"2\">\n<tbody>\n<tr>\n<td><strong>COVID19<\/strong><\/p>\n<p>Vi informiamo che per quanto riguarda i Tour in autobus, i nostri partner seguono fedelmente le misure precauzionali di Covid-19, mantenendo anche un\u2019occupazione ridotta del 65% con una partecipazione minima di 10 persone.<\/p>\n<p>Nei casi in cui hai sintomi di tosse, difficolt\u00e0 respiratoria o febbre o se sei stato in contatto con qualcuno a cui \u00e8 stato diagnosticato il virus entro 14 giorni, fateci sapere in modo che la prenotazione possa essere cancellata.<\/td>\n<\/tr>\n<\/tbody>\n<\/table>\n<p><strong>Cancellation Rules<\/strong><\/p>\n<p>In case of cancellation, on behalf of the passenger ( at least 48 hours before the road trip), passenger is entitled to get 100% refund .<\/p>\n<p>Passenger gets Full Refund, without any other obligation from the tour operator company, in case the road trip is canceled, due to low participation.<\/p>\n<p>Your amount will be refunded within 10 working days, according to your payment method .<\/p>\n<p>In any case of&nbsp; non show, no refund is permitted.<\/p>\n<p>Please keep checking your email during last 24 hours prior excursion due to last minute changes.<\/p>\n<p>Your personal data is transferred to the authorities and to the respective Tour Operator Company ONLY.<\/p>\n<p><span style=\"color: red;\"><strong>TOUR DELL&#8217;ISOLA DI PAROS (ESCORT DI LINGUA INGLESE-TEDESCO)<\/strong><\/span><\/p>\n<p><strong>OGNI MARTEDI&#8217;, GIOVEDI&#8217;, SABATO (o domenica) <\/strong><\/p>\n<p>Durata: 9.00-17.00 (8 ore)<\/p>\n<p>Il nostro tour inizia da Parikia, dopo il trasferimento dal vostro hotel (o da una fermata vicina), dove sarete accolti dalla nostra guida di lingua inglese. La prima visita \u00e8 una passeggiata nei dintorni di Parikia. Si cammina fino al castello franco (costruito sulle fondamenta di un antico tempio di Atena) e alla chiesa dei Santi Costantino ed Elena, dove si trova la parte pi\u00f9 pittoresca della citt\u00e0 vecchia. Poi, girovagando tra i vicoli, raggiungiamo una delle principali attrazioni di Paros, la Panagia Ekatontapiliani, una delle chiese pi\u00f9 antiche del Paese, costruita intorno al 400 d.C. e chiamata anche la chiesa dalle cento porte. Non \u00e8 solo un monumento architettonico e archeologico, ma anche uno dei luoghi di pellegrinaggio pi\u00f9 importanti del mondo.<\/p>\n<p>Da l\u00ec l&#8217;autobus ci porta al porto di Pounta, dove prenderemo il traghetto per Antiparos. Passeggeremo per la sua pittoresca cittadina e visiteremo la fortezza veneziana del XV secolo. L\u00ec avremo del tempo libero. Tornando a Paros, ci dirigeremo a Lefkes, la prima capitale di Paros. Ammirerete la sua architettura tradizionale.&nbsp; Lefkes \u00e8 costruito ad anfiteatro in forma cruciforme, con un&#8217;altitudine di 250 metri, il villaggio pi\u00f9 montuoso e si trova al centro dell&#8217;isola. Sono circondati da piccoli boschi, uliveti e vigneti. Si caratterizza come uno dei villaggi pi\u00f9 belli e pittoreschi dell&#8217;isola. Nel pomeriggio, arrivati a Naoussa, lo scenario cambia, conoscendo il villaggio di Paros, famoso per la sua bellezza cicladica. Facciamo una breve passeggiata tra le meravigliose strade pittoresche di Naoussa e il suo famoso porto con le sue barche da pesca colorate, che \u00e8 uno dei pi\u00f9 pittoreschi della Grecia. In questo porticciolo che si affaccia sul castello dei pirati e sul mare blu troverete il luogo ideale per scattare splendide foto.<\/p>\n<p>Il tour termina intorno alle 17:00.<\/p>\n<p><strong>* Le partenze sono confermate quando il tour ha una partecipazione minima di 15 persone.<\/strong><\/p>\n<p>&nbsp;<strong>Prezzo:<\/strong> 50,00\u20ac \/persona 40,00\u20ac \/bambino (4-10 anni)<\/p>\n<p><strong>Incluso nel prezzo:<\/strong><\/p>\n<ul>\n<li>Trasferimento da e per il luogo di soggiorno \/ o nelle sue vicinanze<\/li>\n<li>Tour di un&#8217;intera giornata<\/li>\n<li>Guida di lingua inglese<\/li>\n<li>Biglietti per Antiparos<\/li>\n<\/ul>\n<p><span style=\"color: red;\"><strong>TOUR DELL&#8217;ISOLA FRANCESE (ESCORT IN FRANCESE)<\/strong><\/span><\/p>\n<p><strong>Ogni mercoled\u00ec e venerd\u00ec previa partecipazione<\/strong><\/p>\n<p>Durata : 9.00-17.00 (8 ore)<\/p>\n<p>Il nostro tour inizia alle 09:00 da Parikia, con un trasferimento dal vostro hotel (o da una fermata vicina) dove sarete accolti dalla nostra guida di lingua francese. La prima tappa a Parikia \u00e8 la visita alla chiesa di Ekatontapiliani, un monumento unico di arte e architettura bizantina nelle Cicladi. Passeggeremo per le pittoresche vie della citt\u00e0 vecchia verso il castello franco costruito su un antico tempio della dea Atena (patrona dell&#8217;isola) da cui si gode una vista incomparabile. Partenza per Naoussa. Nessuno pu\u00f2 credere che il porto di Naoussa fosse un tempo il covo dei pirati&#8230; Tempo libero al porto di Naoussa. In seguito, partenza per Lefkes, uno dei villaggi pi\u00f9 pittoreschi di Paros, costruito ai piedi della montagna di Profitis Ilias. La visita all&#8217;antica capitale dell&#8217;isola si svolge ad anfiteatro sul fianco della collina. La sua posizione offre ai visitatori una splendida vista sulla valle.<\/p>\n<p>&nbsp;Dopo Lefkes, l&#8217;autobus ci porta al porto di Pounta, dove prenderemo il traghetto per Antiparos. Passeggeremo per la pittoresca cittadina di Chora e visiteremo le rovine della fortezza veneziana (XV secolo). Durante il soggiorno ad Antiparos, il pranzo \u00e8 offerto in una tradizionale taverna greca.<\/p>\n<p>Tornando a Paros, l&#8217;escursione prosegue alla periferia del villaggio di Aliki, dove la signora Katerina vi aprir\u00e0 le porte del Museo del Folklore Cicladico e dello Scorpione. Il museo \u00e8 composto dal lavoro artistico di Benetos Skiadas, un marinaio locale. Il museo presenta una collezione di modelli delle navi pi\u00f9 imponenti e nel giardino del museo potrete ammirare modelli in miniatura dei monumenti pi\u00f9 famosi delle Cicladi. La visita termina alle 17:00 circa e sarete trasferiti al vostro alloggio o a un punto di raccolta preciso non lontano da esso.<\/p>\n<p><strong>* Le partenze sono confermate quando il tour ha un minimo di 15 persone.<\/strong><\/p>\n<p><strong>Prezzo con pranzo:<\/strong> 75,00 \u20ac\/persona, 60,00 \u20ac\/bambino (4-10 anni)&nbsp;<\/p>\n<p><strong>Incluso nel prezzo:<\/strong><\/p>\n<ul>\n<li>Trasferimento da e per il luogo di alloggio\/ o nelle vicinanze.<\/li>\n<li>Tour di un&#8217;intera giornata<\/li>\n<li>Guida di lingua francese<\/li>\n<li>Biglietti per Antiparos<\/li>\n<li>Pranzo in una taverna tradizionale (menu con bevande \u00bd acqua minerale, \u00bc vino)<\/li>\n<li>Ingresso al Museo degli Scorpioni<\/li>\n<\/ul>\n<h4 style=\"text-align: center;\"><a href=\"https:\/\/polostoursparos.com\/bookingengine\" target=\"_blank\" rel=\"noopener\"><strong><span style=\"color: red;\">Check availability and book online!<\/span><\/strong><\/a><\/h4>\n<h4 style=\"text-align: center;\"><span style=\"color: red;\">or<\/span><\/h4>\n<form method=\"post\" enctype=\"multipart\/form-data\" id=\"vfbp-form-27\" class=\"vfbp-form\"><div style=\"display:none;\"><label for=\"vfbp-EMAIL-AN8fuQyoDLXem\">If you are human, leave this field blank.<\/label><input size=\"25\" autocomplete=\"off\" type=\"text\" name=\"vfbp-EMAIL-AN8fuQyoDLXem\" value=\"\" id=\"\"><\/div><input type=\"hidden\" name=\"_vfb-timestamp-27\" value=\"1776517241\" id=\"\"><input type=\"hidden\" name=\"_vfb-form-id\" value=\"27\" id=\"\"><div class=\"vfb-form-group vfb-col-12\"><div><h6 class=\"\">Per qualsiasi informazione o prenotazione<\/h6><\/div><\/div><div class=\"vfb-col-12 vfb-fieldType-heading\" id=\"vfbField257\"><\/div><div class=\"vfb-clearfix\"><\/div><div class=\"vfb-col-6 vfb-fieldType-text\" id=\"vfbField261\"><div class=\"vfb-form-group\"><label for=\"vfb-field-261\" class=\"vfb-control-label\">Nome e cognome <span class=\"vfb-required-asterisk\">*<\/span><\/label><div><input id=\"vfb-field-261\" class=\"vfb-form-control\" placeholder=\"\" required=\"required\" type=\"text\" name=\"vfb-field-261\" value=\"\"><\/div><\/div><\/div><div class=\"vfb-col-6 vfb-fieldType-email\" id=\"vfbField262\"><div class=\"vfb-form-group\"><label for=\"vfb-field-262\" class=\"vfb-control-label\">Email <span class=\"vfb-required-asterisk\">*<\/span><\/label><div><input id=\"vfb-field-262\" class=\"vfb-form-control\" placeholder=\"\" required=\"required\" type=\"email\" name=\"vfb-field-262\" value=\"\"><\/div><\/div><\/div><div class=\"vfb-clearfix\"><\/div><div class=\"vfb-col-6 vfb-fieldType-phone\" id=\"vfbField692\"><div class=\"vfb-form-group\"><label for=\"vfb-field-692\" class=\"vfb-control-label\">Telefono <span class=\"vfb-required-asterisk\">*<\/span><\/label><div><input id=\"vfb-field-692\" class=\"vfb-form-control vfb-intl-phone\" placeholder=\"\" required=\"required\" data-default-country=\"it\" type=\"tel\" name=\"vfb-field-692\" value=\"\"><\/div><\/div><\/div><div class=\"vfb-col-6 vfb-fieldType-text\" id=\"vfbField264\"><div class=\"vfb-form-group\"><label for=\"vfb-field-264\" class=\"vfb-control-label\">Paese <span class=\"vfb-required-asterisk\">*<\/span><\/label><div><input id=\"vfb-field-264\" class=\"vfb-form-control\" placeholder=\"\" required=\"required\" type=\"text\" name=\"vfb-field-264\" value=\"\"><\/div><\/div><\/div><div class=\"vfb-clearfix\"><\/div><div class=\"vfb-col-12 vfb-fieldType-textarea\" id=\"vfbField266\"><div class=\"vfb-form-group\"><label for=\"vfb-field-266\" class=\"vfb-control-label\">Commenti<\/label><div><textarea id=\"vfb-field-266\" class=\"vfb-form-control\" placeholder=\"\" rows=\"4\" name=\"vfb-field-266\" cols=\"50\"><\/textarea><\/div><\/div><\/div><div class=\"vfb-clearfix\"><\/div><div class=\"vfb-col-12 vfb-fieldType-checkbox\" id=\"vfbField265\"><label for=\"vfb-field-265\" class=\"vfb-control-label\">Richiesta accettazione <span class=\"vfb-required-asterisk\">*<\/span><\/label><div><div class=\"vfb-checkbox\"><label><input id=\"vfb-field-265-0\" class=\"\" placeholder=\"\" data-vfb-multiple=\"vfb-field-265\" required=\"required\" type=\"checkbox\" name=\"vfb-field-265[0]\" value=\"1\">Questo modulo raccoglie le vostre informazioni personali in modo che possiamo contattarvi. Per ulteriori informazioni, consultate la nostra politica sulla privacy.<\/label><\/div><\/div><\/div><div class=\"vfb-clearfix\"><\/div><div class=\"vfb-col-12 vfb-fieldType-captcha\" id=\"vfbField849\"><div class=\"vfb-form-group\"><label for=\"vfb-field-849\" class=\"vfb-control-label\">Captcha <span class=\"vfb-required-asterisk\">*<\/span><\/label><div><div class=\"g-recaptcha\" data-sitekey=\"6Ldr88wjAAAAAK-vEXBZbikZzDFhZAX9hQ-TGRC5\"><\/div><input type=\"hidden\" name=\"_vfb_recaptcha_enabled\" value=\"1\" id=\"\"><div class=\"vfb-has-error\" id=\"vfb-recaptcha-error\"><span class=\"vfb-help-block\">reCAPTCHA is required.<\/span><\/div><\/div><\/div><\/div><div class=\"vfb-clearfix\"><\/div><div class=\"vfb-col-12 vfb-fieldType-submit\" id=\"vfbField260\"><button id=\"vfb-field-260\" class=\" btn btn-primary\" placeholder=\"\" type=\"submit\" name=\"_vfb-submit\">Invio<\/button><\/div><div class=\"vfb-clearfix\"><\/div><\/form>\n","protected":false},"excerpt":{"rendered":"<p>Check availability and book online! COVID19 Vi informiamo che per quanto riguarda i Tour in autobus, i nostri partner seguono fedelmente le misure precauzionali di Covid-19, mantenendo anche un\u2019occupazione ridotta del 65% con una partecipazione minima di 10 persone. Nei [&hellip;]<\/p>\n","protected":false},"author":1,"featured_media":0,"parent":0,"menu_order":0,"comment_status":"closed","ping_status":"closed","template":"","meta":{"ngg_post_thumbnail":0,"footnotes":""},"class_list":["post-217","page","type-page","status-publish","hentry"],"yoast_head":"<!-- This site is optimized with the Yoast SEO plugin v26.9 - https:\/\/yoast.com\/product\/yoast-seo-wordpress\/ -->\n<title>Tour in pulman a Paros \u2013 Visite guidate a Paros con pulman<\/title>\n<meta name=\"description\" content=\"Orari, prezzi e programmi per visite con pulman nei siti piu\u2019 importanti di Paros con o senza guida ed in diverse lingue.\" \/>\n<meta name=\"robots\" content=\"index, follow, max-snippet:-1, max-image-preview:large, max-video-preview:-1\" \/>\n<link rel=\"canonical\" href=\"https:\/\/polostoursparos.com\/it\/visita-guidata-in-pulman\/\" \/>\n<meta property=\"og:locale\" content=\"it_IT\" \/>\n<meta property=\"og:type\" content=\"article\" \/>\n<meta property=\"og:title\" content=\"Tour in pulman a Paros \u2013 Visite guidate a Paros con pulman\" \/>\n<meta property=\"og:description\" content=\"Orari, prezzi e programmi per visite con pulman nei siti piu\u2019 importanti di Paros con o senza guida ed in diverse lingue.\" \/>\n<meta property=\"og:url\" content=\"https:\/\/polostoursparos.com\/it\/visita-guidata-in-pulman\/\" \/>\n<meta property=\"og:site_name\" content=\"Agenzia Polos Tours - Escursioni - Crociere \u2013 Trasferimenti a Paros\" \/>\n<meta property=\"article:modified_time\" content=\"2024-06-19T09:18:20+00:00\" \/>\n<meta name=\"twitter:card\" content=\"summary_large_image\" \/>\n<meta name=\"twitter:label1\" content=\"Tempo di lettura stimato\" \/>\n\t<meta name=\"twitter:data1\" content=\"5 minuti\" \/>\n<script type=\"application\/ld+json\" class=\"yoast-schema-graph\">{\"@context\":\"https:\/\/schema.org\",\"@graph\":[{\"@type\":\"WebPage\",\"@id\":\"https:\/\/polostoursparos.com\/it\/visita-guidata-in-pulman\/\",\"url\":\"https:\/\/polostoursparos.com\/it\/visita-guidata-in-pulman\/\",\"name\":\"Tour in pulman a Paros \u2013 Visite guidate a Paros con pulman\",\"isPartOf\":{\"@id\":\"https:\/\/polostoursparos.com\/it\/#website\"},\"datePublished\":\"2016-06-10T10:03:32+00:00\",\"dateModified\":\"2024-06-19T09:18:20+00:00\",\"description\":\"Orari, prezzi e programmi per visite con pulman nei siti piu\u2019 importanti di Paros con o senza guida ed in diverse lingue.\",\"breadcrumb\":{\"@id\":\"https:\/\/polostoursparos.com\/it\/visita-guidata-in-pulman\/#breadcrumb\"},\"inLanguage\":\"it-IT\",\"potentialAction\":[{\"@type\":\"ReadAction\",\"target\":[\"https:\/\/polostoursparos.com\/it\/visita-guidata-in-pulman\/\"]}]},{\"@type\":\"BreadcrumbList\",\"@id\":\"https:\/\/polostoursparos.com\/it\/visita-guidata-in-pulman\/#breadcrumb\",\"itemListElement\":[{\"@type\":\"ListItem\",\"position\":1,\"name\":\"Home\",\"item\":\"https:\/\/polostoursparos.com\/it\/\"},{\"@type\":\"ListItem\",\"position\":2,\"name\":\"Visita guidata in pulman\"}]},{\"@type\":\"WebSite\",\"@id\":\"https:\/\/polostoursparos.com\/it\/#website\",\"url\":\"https:\/\/polostoursparos.com\/it\/\",\"name\":\"Agenzia Polos Tours - Escursioni - Crociere \u2013 Trasferimenti a Paros\",\"description\":\"Emissione biglietti per  traghetti &amp; compagnie aeree \u2013Orari e tragitti per escursioni giornaliere e crociere. Trasferimenti privati a Paros\",\"potentialAction\":[{\"@type\":\"SearchAction\",\"target\":{\"@type\":\"EntryPoint\",\"urlTemplate\":\"https:\/\/polostoursparos.com\/it\/?s={search_term_string}\"},\"query-input\":{\"@type\":\"PropertyValueSpecification\",\"valueRequired\":true,\"valueName\":\"search_term_string\"}}],\"inLanguage\":\"it-IT\"}]}<\/script>\n<!-- \/ Yoast SEO plugin. -->","yoast_head_json":{"title":"Tour in pulman a Paros \u2013 Visite guidate a Paros con pulman","description":"Orari, prezzi e programmi per visite con pulman nei siti piu\u2019 importanti di Paros con o senza guida ed in diverse lingue.","robots":{"index":"index","follow":"follow","max-snippet":"max-snippet:-1","max-image-preview":"max-image-preview:large","max-video-preview":"max-video-preview:-1"},"canonical":"https:\/\/polostoursparos.com\/it\/visita-guidata-in-pulman\/","og_locale":"it_IT","og_type":"article","og_title":"Tour in pulman a Paros \u2013 Visite guidate a Paros con pulman","og_description":"Orari, prezzi e programmi per visite con pulman nei siti piu\u2019 importanti di Paros con o senza guida ed in diverse lingue.","og_url":"https:\/\/polostoursparos.com\/it\/visita-guidata-in-pulman\/","og_site_name":"Agenzia Polos Tours - Escursioni - Crociere \u2013 Trasferimenti a Paros","article_modified_time":"2024-06-19T09:18:20+00:00","twitter_card":"summary_large_image","twitter_misc":{"Tempo di lettura stimato":"5 minuti"},"schema":{"@context":"https:\/\/schema.org","@graph":[{"@type":"WebPage","@id":"https:\/\/polostoursparos.com\/it\/visita-guidata-in-pulman\/","url":"https:\/\/polostoursparos.com\/it\/visita-guidata-in-pulman\/","name":"Tour in pulman a Paros \u2013 Visite guidate a Paros con pulman","isPartOf":{"@id":"https:\/\/polostoursparos.com\/it\/#website"},"datePublished":"2016-06-10T10:03:32+00:00","dateModified":"2024-06-19T09:18:20+00:00","description":"Orari, prezzi e programmi per visite con pulman nei siti piu\u2019 importanti di Paros con o senza guida ed in diverse lingue.","breadcrumb":{"@id":"https:\/\/polostoursparos.com\/it\/visita-guidata-in-pulman\/#breadcrumb"},"inLanguage":"it-IT","potentialAction":[{"@type":"ReadAction","target":["https:\/\/polostoursparos.com\/it\/visita-guidata-in-pulman\/"]}]},{"@type":"BreadcrumbList","@id":"https:\/\/polostoursparos.com\/it\/visita-guidata-in-pulman\/#breadcrumb","itemListElement":[{"@type":"ListItem","position":1,"name":"Home","item":"https:\/\/polostoursparos.com\/it\/"},{"@type":"ListItem","position":2,"name":"Visita guidata in pulman"}]},{"@type":"WebSite","@id":"https:\/\/polostoursparos.com\/it\/#website","url":"https:\/\/polostoursparos.com\/it\/","name":"Agenzia Polos Tours - Escursioni - Crociere \u2013 Trasferimenti a Paros","description":"Emissione biglietti per  traghetti &amp; compagnie aeree \u2013Orari e tragitti per escursioni giornaliere e crociere. Trasferimenti privati a Paros","potentialAction":[{"@type":"SearchAction","target":{"@type":"EntryPoint","urlTemplate":"https:\/\/polostoursparos.com\/it\/?s={search_term_string}"},"query-input":{"@type":"PropertyValueSpecification","valueRequired":true,"valueName":"search_term_string"}}],"inLanguage":"it-IT"}]}},"_links":{"self":[{"href":"https:\/\/polostoursparos.com\/it\/wp-json\/wp\/v2\/pages\/217","targetHints":{"allow":["GET"]}}],"collection":[{"href":"https:\/\/polostoursparos.com\/it\/wp-json\/wp\/v2\/pages"}],"about":[{"href":"https:\/\/polostoursparos.com\/it\/wp-json\/wp\/v2\/types\/page"}],"author":[{"embeddable":true,"href":"https:\/\/polostoursparos.com\/it\/wp-json\/wp\/v2\/users\/1"}],"replies":[{"embeddable":true,"href":"https:\/\/polostoursparos.com\/it\/wp-json\/wp\/v2\/comments?post=217"}],"version-history":[{"count":20,"href":"https:\/\/polostoursparos.com\/it\/wp-json\/wp\/v2\/pages\/217\/revisions"}],"predecessor-version":[{"id":4556,"href":"https:\/\/polostoursparos.com\/it\/wp-json\/wp\/v2\/pages\/217\/revisions\/4556"}],"wp:attachment":[{"href":"https:\/\/polostoursparos.com\/it\/wp-json\/wp\/v2\/media?parent=217"}],"curies":[{"name":"wp","href":"https:\/\/api.w.org\/{rel}","templated":true}]}}