{"id":1757,"date":"2018-05-28T05:00:08","date_gmt":"2018-05-28T05:00:08","guid":{"rendered":"https:\/\/polostoursparos.com\/el\/?page_id=1757"},"modified":"2019-09-14T19:15:45","modified_gmt":"2019-09-14T19:15:45","slug":"politica-della-privacy","status":"publish","type":"page","link":"https:\/\/polostoursparos.com\/it\/politica-della-privacy\/","title":{"rendered":"Politica della privacy"},"content":{"rendered":"<p><strong>Sicurezza &amp;&nbsp; privacy Polos Tours<\/strong><br \/>\nLa nostra azienda &#8220;Polos Tours&#8221; riconosce l&#8217;importanza della sicurezza dei Dati personali e delle transazioni elettroniche e ha adottato tutte le misure necessarie, con i metodi pi\u00f9 avanzati e moderni , per garantirne &nbsp;la massima sicurezza. Tutte le informazioni relative ai dati personali degli &nbsp;utenti devono essere trattate come confidenziali in conformit\u00e0 con la legge applicabile sulla protezione dei dati personali.<\/p>\n<p><strong>&nbsp;<\/strong><strong>In generale<\/strong><br \/>\nI dati personali forniti volontariamente dagli utenti del nostro sito https:\/\/polostoursparos.com vengono utilizzati dalla nostra societ\u00e0 per fornire agli utenti una comunicazione diretta e significativa con la nostra azienda, per fornire loro le risposte a domande specifiche che pongono ed infine per fornire loro &nbsp;emissione di biglietti oltre che&nbsp; servizi piu\u2019 in generale.<\/p>\n<p>Le informazioni che la nostra attivit\u00e0 raccoglie attraverso i cookies &nbsp;sul nostro sito hanno lo scopo di misurare il&nbsp; numero di utenti visitatori,determinare le richieste &nbsp;dei clienti e facilitare le transazioni con l&#8217;azienda.<\/p>\n<p>La nostra attivit\u00e0 non distribuisce e-mail o altre informazioni sui nostri utenti e &nbsp;clienti a nessun&#8217;altra organizzazione o affiliata.<\/p>\n<p><strong>Raccolta di informazioni<\/strong><br \/>\nIl nostro sito Web \u00e8 progettato in modo che gli utenti possano visitarlo senza dover rivelare la propria identit\u00e0 a meno che non lo desiderino. Ai visitatori del nostro sito viene richiesto di fornirci i propri dati personali solo se desiderano richiedere chiarimenti su un prodotto o servizio o sul loro acquisto.<\/p>\n<p><strong>Uso delle informazioni. <\/strong>Il nostro sito raccoglie due tipi di informazioni sull&#8217;utente: (1) informazioni che l&#8217;utente ci fornisce per far emettere un biglietto o per emissione di un servizio , (2) informazioni che l&#8217;utente ci fornisce per richiedere chiarimenti su un prodotto o servizio . Quando si compila un &nbsp;modulo d&#8217;ordine sul nostro sito, vi&nbsp; verr\u00e0 chiesto il vostro nome, indirizzo e-mail, numero di telefono, data di arrivo, data di partenza, numero di adulti e bambini, Paese di origine. Utilizziamo le informazioni di cui sopra di volta in volta o per &nbsp;completare l\u2019emissione di &nbsp;un biglietto o per fornire un servizio.<\/p>\n<p><strong>Accesso alle informazioni. <\/strong>Qualsiasi elaborazione di un biglietto , fornitura di servizio o richiesta di chiarimento richiede la raccolta di informazioni personali. Inoltre, \u00e8 sempre garantito l&#8217;uso di una carta di credito, per l\u2019adebito della quale si &nbsp;richiede l&#8217;identificazione del legittimo titolare per la prima e unica volta. Eventuali documenti giustificativi e documenti che certificano e dichiarano l&#8217;identit\u00e0 del cliente rimangono strettamente confidenziali e sono controllati solo dall\u2019impiegato responsabile.&nbsp; L&#8217;invio dei vostri &nbsp;dati personali implica che acconsentite&nbsp; che &nbsp;tali dati vengano utilizzati dai nostri dipendenti aziendali per i motivi sopra indicati. In nessun altro &nbsp;caso la nostra azienda&nbsp; pu\u00f2 condividere le vostre &nbsp;informazioni personali con altri senza il vostro previo consenso, a meno che esse non siano &nbsp;richieste per via legale.<\/p>\n<p><strong>Crittografia:<\/strong><br \/>\nDall\u2019inizio alla fine della connessione ( on-line session) con il &nbsp;nostro sito, tutte le informazioni utente \/ cliente e le informazioni personali vengono crittografate utilizzando il protocollo di crittografia SSL a 128 bit. La crittografia \u00e8 essenzialmente un modo per codificare le informazioni fino a quando non raggiunge il destinatario designato, che pu\u00f2 decodificarle utilizzando la chiave appropriata. Ogni volta che un utente si collega al nostro sito, tutte le comunicazioni tra il computer dell&#8217;utente e i nostri sistemi aziendali vengono crittografate utilizzando una chiave a 128 bit. Ossia, &nbsp;ogni volta che invia informazioni al sistema, il browser prima le cripta usando una chiave a 128 bit e poi le invia al sistema. Il nostro sistema aziendale prima decodifica le informazioni che riceve usando la stessa chiave (predefinita quando l&#8217;utente accede al servizio) e quindi le elabora.<\/p>\n<p><strong>&nbsp;<\/strong><strong>Dati personali &#8211; Privacy delle transazioni:<\/strong><br \/>\nI dettagli degli utenti (nome, indirizzo e-mail, telefono cellulare, data di arrivo, data di partenza, numero di bambini, dettagli della carta di credito, Paese) e le transazioni degli utenti sono trattati come confidenziali, come si usa fare in un &nbsp;negozio commerciale. Gli utenti saranno informati dalla societ\u00e0 al momento di fornire i loro dati nel contesto delle loro transazioni come nel presente documento, e acconsentono e accettano il successivo &nbsp;trattamento di tali dati personali, per le esigenze di una transazione regolare e facile tra le parti, nonch\u00e9 &nbsp;la trasmissione di tali informazioni ai destinatari che saranno specificamente identificati e che sono i dipendenti nel processo di elaborazione delle informazioni richieste o emissione di un biglietto o acquisto di un servizio.<\/p>\n<p>Si garantisce &nbsp;che solo il personale autorizzato abbia accesso alle informazioni sulle transazioni e solo quando necessario, ad es. per l&#8217;elaborazione degli ordini.<\/p>\n<p>Per il resto, l\u2019azienda &nbsp;si impegna a non divulgare i dettagli dei propri clienti e delle loro transazioni, a meno che non abbia ottenuto l&#8217;autorizzazione scritta da essi o se richiesto da un ordine del tribunale o da una decisione di un&#8217;altra autorit\u00e0 pubblica.<\/p>\n<p><strong>Modifica ed Eliminazione dei dati personali<\/strong><br \/>\nLa nostra azienda utilizza le informazioni che ci fornite durante l&#8217;invio elettronico del modulo per contattarvi in \u200b\u200bmerito (i) al completamento dell&#8217;acquisto del biglietto o del servizio, (ii) alla conferma e all&#8217;identificazione del cliente in ogni occasione necessaria, a (iii) prodotti nuovi o alternativi offerti, (iv) offerte speciali. Potete &nbsp;scegliere se ricevere o meno tali comunicazioni inviando una richiesta via e-mail presso l\u2019indirizzo di posta elettronica <a href=\"mailto:info@polostoursparos.com\">info@polostoursparos.com<\/a><\/p>\n<p>I dettagli della carta di credito vengono eliminati immediatamente al completamento dell&#8217;emissione del biglietto o dell&#8217;acquisto del servizio.<\/p>\n<p>Il visitatore \/ utente pu\u00f2 contattare il rispettivo amministratore del nostro sito per verificare l&#8217;esistenza di un file personale, correggerlo, modificarlo o eliminarlo via e-mail all&#8217;indirizzo info@polostoursparos.com<\/p>\n<p>Facciamo inoltre ogni sforzo per mantenere i dati personali che raccogliamo da voi solo per il periodo per il quale abbiamo bisogno di tali dati,per lo scopo per il quale sono stati raccolti o per soddisfare la richiesta di ogni individuo o fino a quando non viene richiesta la loro rimozione &nbsp;dal soggetto (e in ogni caso non pi\u00f9 di 5 anni, a meno che non continuiamo a conservarli &nbsp;in conformit\u00e0 con la legislazione applicabile).<\/p>\n<p><strong>Aggiornamento sui &nbsp;Cookies<\/strong><br \/>\nLa nostra azienda &nbsp;pu\u00f2 raccogliere informazioni di identificazione dell&#8217;utente dal nostro sito utilizzando tecnologie appropriate come i cookie e \/ o il monitoraggio dell&#8217;indirizzo IP (Internet Protocol). I cookie sono piccoli file di testo che vengono memorizzati sul disco rigido di ogni visitatore \/ utente e non ricevono conoscenza di &nbsp;alcun documento o file dal loro computer. Sono utilizzati per facilitare l&#8217;accesso dei visitatori \/ utenti a determinati servizi sul sito https:\/\/polostoursparos.com e per scopi statistici. Questi elementi possono includere anche il tipo di contapagine (browser ) utilizzato dal visitatore \/ utente, il tipo di computer, il suo sistema operativo, i provider di servizi Web ed &nbsp;altre informazioni simili. Inoltre, il sistema informatico di &nbsp;https:\/\/polostoursparos.com raccoglie automaticamente informazioni sui siti visitati dal visitatore \/ utente e collegamenti a siti Web di terzi che pu\u00f2 scegliere attraverso l&#8217;uso di <a href=\"https:\/\/polostoursparos.com\">https:\/\/polostoursparos.com<\/a><\/p>\n<p>Tramite il meccanismo di accettare o meno i cookie che abbiamo creato e che viene visualizzato nella parte inferiore della pagina, \u00e8 possibile limitare la loro integrazione. Sebbene la maggior parte dei browser accetti automaticamente i cookie, potete &nbsp;anche scegliere se accettare o meno i cookie attraverso le impostazioni del browser (un&#8217;opzione che si trova spesso nel menu Strumenti o Preferenze del browser). Potete anche eliminare i cookie dal vostro dispositivo in qualsiasi momento. Tuttavia, tenete &nbsp;presente che se non accettate &nbsp;i cookie, potreste &nbsp;non essere in grado di comprendere appieno alcune delle funzionalit\u00e0 del nostro sito.<\/p>\n<p>La pagina https:\/\/polostoursparos.com utilizza Google Analytics. Ulteriori informazioni su come KPMG utilizza Google Analytics sono disponibili qui: http:\/\/www.google.com\/analytics\/learn\/privacy.html<\/p>\n<p>La https:\/\/polostoursparos.com pu\u00f2 includere funzionalit\u00e0 che puoi condividere tramite applicazioni di social network di terze parti come il pulsante Mi piace di Facebook, il Twitter widget e &nbsp;Google Plus. Queste applicazioni di social media possono raccogliere e utilizzare informazioni sull&#8217;utilizzo da parte vostra di https:\/\/polostoursparos.com. Qualsiasi informazione personale fornita tramite tali applicazioni di social media pu\u00f2 essere raccolta e utilizzata da altri membri di tali applicazioni. i social network e tali scambi sono regolati dalle politiche sulla privacy delle societ\u00e0 che forniscono l&#8217;applicazione. Non abbiamo alcun controllo o responsabilit\u00e0 per tali societ\u00e0 o l&#8217;uso delle vostre informazioni da parte loro.<\/p>\n<p>Inoltre, https:\/\/polostoursparos.com pu\u00f2 ospitare blog, forum, crowd-sourcing e altre applicazioni o servizi (definiti collettivamente &#8220;funzioni dei social media&#8221;). Lo scopo delle funzioni dei social media \u00e8 facilitare lo scambio di informazioni e contenuti. Qualsiasi informazione personale fornita in qualsiasi funzione dei &nbsp;social media di https:\/\/polostoursparos.com pu\u00f2 essere divulgata ad altri utenti di tale funzione dei social media (se non diversamente indicato nella fase di raccolta), sulla quale potremmo avere accesso limitato o nessun controllo.<\/p>\n<p>Il presente sito &nbsp;https:\/\/polostoursparos.com include collegamenti (links) &nbsp;ad altri siti Web che sono sotto la responsabilit\u00e0 di terzi (persone fisiche o giuridiche). In nessun caso la nostra azienda \u00e8 responsabile per i termini di protezione dei dati personali che seguono questi siti.<\/p>\n<p><strong>Limitazione di responsabilit\u00e0 per l\u2019azienda &nbsp;&#8220;Polos Tours&#8221; &#8211; Dichiarazione di non responsabilit\u00e0<\/strong><br \/>\nIl contenuto di https:\/\/polostoursparos.com \u00e8 disponibile&nbsp; &#8220;cos\u00ec com&#8217;\u00e8&#8221; e la nostra azienda non fornisce alcuna garanzia, &nbsp;espressamente o meno, relativa alla&nbsp; completezza, correttezza, aggiornamento, commercializzazione,&nbsp; non violazione o idoneit\u00e0 di tali contenuti per qualsiasi uso, applicazione o scopo.<\/p>\n<p>La nostra azienda &nbsp;in qualsiasi circostanza, compreso il caso di negligenza, non \u00e8 responsabile per eventuali danni subiti dal visitatore \/ utente delle pagine, servizi, opzioni e contenuti del sito &nbsp;<a href=\"https:\/\/polostoursparos.com\">https:\/\/polostoursparos.com<\/a>&nbsp; ai quali ha accesso di &nbsp;propria iniziativa e con conoscenza di presenti &nbsp;termini. Inoltre, la nostra azienda &nbsp;non garantisce che le pagine, i servizi, le opzioni ed i contenuti saranno forniti senza interruzione, senza errori, e che gli errori saranno corretti o che eventuali domande avranno una risposta. Allo stesso modo, la nostra azienda &nbsp;non garantisce il nostro sito Web o qualsiasi altro sito Web o server correlato attraverso il quale il contenuto viene reso disponibile ai visitatori \/ utenti, vengano forniti senza &#8220;virus&#8221; o altri componenti dannosi. Il costo di eventuali correzioni o servizi \u00e8 a carico del visitatore \/ utente e in nessun modo pesa sulla nostra azienda.<\/p>\n<p><strong>Accettazione delle procdure di protezione della&nbsp; Privacy<\/strong><br \/>\nUtilizzando questo sito accettate &nbsp;e acconsentite alla &nbsp;presente Informativa sulla privacy, nonch\u00e9 &nbsp;ai&nbsp; &nbsp;termini ed &nbsp;alle&nbsp; condizioni d&#8217;uso del sito che sono stati comunicati attraverso di esso.<\/p>\n","protected":false},"excerpt":{"rendered":"<p>Sicurezza &amp;&nbsp; privacy Polos Tours La nostra azienda &#8220;Polos Tours&#8221; riconosce l&#8217;importanza della sicurezza dei Dati personali e delle transazioni elettroniche e ha adottato tutte le misure necessarie, con i metodi pi\u00f9 avanzati e moderni , per garantirne &nbsp;la massima [&hellip;]<\/p>\n","protected":false},"author":1,"featured_media":0,"parent":0,"menu_order":0,"comment_status":"closed","ping_status":"closed","template":"","meta":{"ngg_post_thumbnail":0,"footnotes":""},"class_list":["post-1757","page","type-page","status-publish","hentry"],"yoast_head":"<!-- This site is optimized with the Yoast SEO plugin v26.9 - https:\/\/yoast.com\/product\/yoast-seo-wordpress\/ -->\n<title>Politica della privacy - Agenzia Polos Tours - Escursioni - Crociere \u2013 Trasferimenti a Paros<\/title>\n<meta name=\"robots\" content=\"index, follow, max-snippet:-1, max-image-preview:large, max-video-preview:-1\" \/>\n<link rel=\"canonical\" href=\"https:\/\/polostoursparos.com\/it\/politica-della-privacy\/\" \/>\n<meta property=\"og:locale\" content=\"it_IT\" \/>\n<meta property=\"og:type\" content=\"article\" \/>\n<meta property=\"og:title\" content=\"Politica della privacy - Agenzia Polos Tours - Escursioni - Crociere \u2013 Trasferimenti a Paros\" \/>\n<meta property=\"og:description\" content=\"Sicurezza &amp;&nbsp; privacy Polos Tours La nostra azienda &#8220;Polos Tours&#8221; riconosce l&#8217;importanza della sicurezza dei Dati personali e delle transazioni elettroniche e ha adottato tutte le misure necessarie, con i metodi pi\u00f9 avanzati e moderni , per garantirne &nbsp;la massima [&hellip;]\" \/>\n<meta property=\"og:url\" content=\"https:\/\/polostoursparos.com\/it\/politica-della-privacy\/\" \/>\n<meta property=\"og:site_name\" content=\"Agenzia Polos Tours - Escursioni - Crociere \u2013 Trasferimenti a Paros\" \/>\n<meta property=\"article:modified_time\" content=\"2019-09-14T19:15:45+00:00\" \/>\n<meta name=\"twitter:card\" content=\"summary_large_image\" \/>\n<meta name=\"twitter:label1\" content=\"Tempo di lettura stimato\" \/>\n\t<meta name=\"twitter:data1\" content=\"9 minuti\" \/>\n<script type=\"application\/ld+json\" class=\"yoast-schema-graph\">{\"@context\":\"https:\/\/schema.org\",\"@graph\":[{\"@type\":\"WebPage\",\"@id\":\"https:\/\/polostoursparos.com\/it\/politica-della-privacy\/\",\"url\":\"https:\/\/polostoursparos.com\/it\/politica-della-privacy\/\",\"name\":\"Politica della privacy - Agenzia Polos Tours - Escursioni - Crociere \u2013 Trasferimenti a Paros\",\"isPartOf\":{\"@id\":\"https:\/\/polostoursparos.com\/it\/#website\"},\"datePublished\":\"2018-05-28T05:00:08+00:00\",\"dateModified\":\"2019-09-14T19:15:45+00:00\",\"breadcrumb\":{\"@id\":\"https:\/\/polostoursparos.com\/it\/politica-della-privacy\/#breadcrumb\"},\"inLanguage\":\"it-IT\",\"potentialAction\":[{\"@type\":\"ReadAction\",\"target\":[\"https:\/\/polostoursparos.com\/it\/politica-della-privacy\/\"]}]},{\"@type\":\"BreadcrumbList\",\"@id\":\"https:\/\/polostoursparos.com\/it\/politica-della-privacy\/#breadcrumb\",\"itemListElement\":[{\"@type\":\"ListItem\",\"position\":1,\"name\":\"Home\",\"item\":\"https:\/\/polostoursparos.com\/it\/\"},{\"@type\":\"ListItem\",\"position\":2,\"name\":\"Politica della privacy\"}]},{\"@type\":\"WebSite\",\"@id\":\"https:\/\/polostoursparos.com\/it\/#website\",\"url\":\"https:\/\/polostoursparos.com\/it\/\",\"name\":\"Agenzia Polos Tours - Escursioni - Crociere \u2013 Trasferimenti a Paros\",\"description\":\"Emissione biglietti per  traghetti &amp; compagnie aeree \u2013Orari e tragitti per escursioni giornaliere e crociere. Trasferimenti privati a Paros\",\"potentialAction\":[{\"@type\":\"SearchAction\",\"target\":{\"@type\":\"EntryPoint\",\"urlTemplate\":\"https:\/\/polostoursparos.com\/it\/?s={search_term_string}\"},\"query-input\":{\"@type\":\"PropertyValueSpecification\",\"valueRequired\":true,\"valueName\":\"search_term_string\"}}],\"inLanguage\":\"it-IT\"}]}<\/script>\n<!-- \/ Yoast SEO plugin. -->","yoast_head_json":{"title":"Politica della privacy - Agenzia Polos Tours - Escursioni - Crociere \u2013 Trasferimenti a Paros","robots":{"index":"index","follow":"follow","max-snippet":"max-snippet:-1","max-image-preview":"max-image-preview:large","max-video-preview":"max-video-preview:-1"},"canonical":"https:\/\/polostoursparos.com\/it\/politica-della-privacy\/","og_locale":"it_IT","og_type":"article","og_title":"Politica della privacy - Agenzia Polos Tours - Escursioni - Crociere \u2013 Trasferimenti a Paros","og_description":"Sicurezza &amp;&nbsp; privacy Polos Tours La nostra azienda &#8220;Polos Tours&#8221; riconosce l&#8217;importanza della sicurezza dei Dati personali e delle transazioni elettroniche e ha adottato tutte le misure necessarie, con i metodi pi\u00f9 avanzati e moderni , per garantirne &nbsp;la massima [&hellip;]","og_url":"https:\/\/polostoursparos.com\/it\/politica-della-privacy\/","og_site_name":"Agenzia Polos Tours - Escursioni - Crociere \u2013 Trasferimenti a Paros","article_modified_time":"2019-09-14T19:15:45+00:00","twitter_card":"summary_large_image","twitter_misc":{"Tempo di lettura stimato":"9 minuti"},"schema":{"@context":"https:\/\/schema.org","@graph":[{"@type":"WebPage","@id":"https:\/\/polostoursparos.com\/it\/politica-della-privacy\/","url":"https:\/\/polostoursparos.com\/it\/politica-della-privacy\/","name":"Politica della privacy - Agenzia Polos Tours - Escursioni - Crociere \u2013 Trasferimenti a Paros","isPartOf":{"@id":"https:\/\/polostoursparos.com\/it\/#website"},"datePublished":"2018-05-28T05:00:08+00:00","dateModified":"2019-09-14T19:15:45+00:00","breadcrumb":{"@id":"https:\/\/polostoursparos.com\/it\/politica-della-privacy\/#breadcrumb"},"inLanguage":"it-IT","potentialAction":[{"@type":"ReadAction","target":["https:\/\/polostoursparos.com\/it\/politica-della-privacy\/"]}]},{"@type":"BreadcrumbList","@id":"https:\/\/polostoursparos.com\/it\/politica-della-privacy\/#breadcrumb","itemListElement":[{"@type":"ListItem","position":1,"name":"Home","item":"https:\/\/polostoursparos.com\/it\/"},{"@type":"ListItem","position":2,"name":"Politica della privacy"}]},{"@type":"WebSite","@id":"https:\/\/polostoursparos.com\/it\/#website","url":"https:\/\/polostoursparos.com\/it\/","name":"Agenzia Polos Tours - Escursioni - Crociere \u2013 Trasferimenti a Paros","description":"Emissione biglietti per  traghetti &amp; compagnie aeree \u2013Orari e tragitti per escursioni giornaliere e crociere. Trasferimenti privati a Paros","potentialAction":[{"@type":"SearchAction","target":{"@type":"EntryPoint","urlTemplate":"https:\/\/polostoursparos.com\/it\/?s={search_term_string}"},"query-input":{"@type":"PropertyValueSpecification","valueRequired":true,"valueName":"search_term_string"}}],"inLanguage":"it-IT"}]}},"_links":{"self":[{"href":"https:\/\/polostoursparos.com\/it\/wp-json\/wp\/v2\/pages\/1757","targetHints":{"allow":["GET"]}}],"collection":[{"href":"https:\/\/polostoursparos.com\/it\/wp-json\/wp\/v2\/pages"}],"about":[{"href":"https:\/\/polostoursparos.com\/it\/wp-json\/wp\/v2\/types\/page"}],"author":[{"embeddable":true,"href":"https:\/\/polostoursparos.com\/it\/wp-json\/wp\/v2\/users\/1"}],"replies":[{"embeddable":true,"href":"https:\/\/polostoursparos.com\/it\/wp-json\/wp\/v2\/comments?post=1757"}],"version-history":[{"count":6,"href":"https:\/\/polostoursparos.com\/it\/wp-json\/wp\/v2\/pages\/1757\/revisions"}],"predecessor-version":[{"id":2866,"href":"https:\/\/polostoursparos.com\/it\/wp-json\/wp\/v2\/pages\/1757\/revisions\/2866"}],"wp:attachment":[{"href":"https:\/\/polostoursparos.com\/it\/wp-json\/wp\/v2\/media?parent=1757"}],"curies":[{"name":"wp","href":"https:\/\/api.w.org\/{rel}","templated":true}]}}